{"id":1035,"date":"2023-03-09T22:23:01","date_gmt":"2023-03-09T22:23:01","guid":{"rendered":"https:\/\/infra-guardian.com\/?page_id=1035"},"modified":"2023-03-19T20:30:20","modified_gmt":"2023-03-19T20:30:20","slug":"zastita-stupova-javne-rasvjete","status":"publish","type":"page","link":"https:\/\/infra-guardian.com\/en\/zastita-stupova-javne-rasvjete\/","title":{"rendered":"Za\u0161tita stupova javne rasvjete"},"content":{"rendered":"<div data-elementor-type=\"wp-page\" data-elementor-id=\"1035\" class=\"elementor elementor-1035\">\n\t\t\t\t\t\t<section class=\"elementor-section elementor-top-section elementor-element elementor-element-e025f1f elementor-section-boxed elementor-section-height-default elementor-section-height-default\" data-id=\"e025f1f\" data-element_type=\"section\" data-e-type=\"section\">\n\t\t\t\t\t\t\t<div class=\"elementor-background-overlay\"><\/div>\n\t\t\t\t\t\t\t<div class=\"elementor-container elementor-column-gap-default\">\n\t\t\t\t\t<div class=\"elementor-column elementor-col-100 elementor-top-column elementor-element elementor-element-c5f6ac4\" data-id=\"c5f6ac4\" data-element_type=\"column\" data-e-type=\"column\" data-settings=\"{&quot;background_background&quot;:&quot;classic&quot;}\">\n\t\t\t<div class=\"elementor-widget-wrap elementor-element-populated\">\n\t\t\t\t\t\t<div class=\"elementor-element elementor-element-3d08e03 elementor-widget elementor-widget-heading\" data-id=\"3d08e03\" data-element_type=\"widget\" data-e-type=\"widget\" data-widget_type=\"heading.default\">\n\t\t\t\t<div class=\"elementor-widget-container\">\n\t\t\t\t\t<h3 class=\"elementor-heading-title elementor-size-default\">LAMPPOST PROTECTION MECHANISM<\/h3>\t\t\t\t<\/div>\n\t\t\t\t<\/div>\n\t\t\t\t<div class=\"elementor-element elementor-element-cc83315 elementor-widget-divider--view-line elementor-widget elementor-widget-divider\" data-id=\"cc83315\" data-element_type=\"widget\" data-e-type=\"widget\" data-widget_type=\"divider.default\">\n\t\t\t\t<div class=\"elementor-widget-container\">\n\t\t\t\t\t\t\t<div class=\"elementor-divider\">\n\t\t\t<span class=\"elementor-divider-separator\">\n\t\t\t\t\t\t<\/span>\n\t\t<\/div>\n\t\t\t\t\t\t<\/div>\n\t\t\t\t<\/div>\n\t\t\t\t\t<\/div>\n\t\t<\/div>\n\t\t\t\t\t<\/div>\n\t\t<\/section>\n\t\t\t\t<section class=\"elementor-section elementor-top-section elementor-element elementor-element-ccf925c elementor-section-boxed elementor-section-height-default elementor-section-height-default\" data-id=\"ccf925c\" data-element_type=\"section\" data-e-type=\"section\" data-settings=\"{&quot;background_background&quot;:&quot;classic&quot;}\">\n\t\t\t\t\t\t<div class=\"elementor-container elementor-column-gap-no\">\n\t\t\t\t\t<div class=\"elementor-column elementor-col-100 elementor-top-column elementor-element elementor-element-31c435d\" data-id=\"31c435d\" data-element_type=\"column\" data-e-type=\"column\">\n\t\t\t<div class=\"elementor-widget-wrap elementor-element-populated\">\n\t\t\t\t\t\t<div class=\"elementor-element elementor-element-1f78a7c elementor-position-left elementor-vertical-align-middle elementor-widget elementor-widget-image-box\" data-id=\"1f78a7c\" data-element_type=\"widget\" data-e-type=\"widget\" data-widget_type=\"image-box.default\">\n\t\t\t\t<div class=\"elementor-widget-container\">\n\t\t\t\t\t<div class=\"elementor-image-box-wrapper\"><figure class=\"elementor-image-box-img\"><a href=\"http:\/\/zastita-stupova-javne-rasvjete\" tabindex=\"-1\"><img fetchpriority=\"high\" decoding=\"async\" width=\"775\" height=\"567\" src=\"https:\/\/i0.wp.com\/infra-guardian.com\/wp-content\/uploads\/2023\/03\/Mehanizama-zastite-rasvjetnih-stupova.png?fit=775%2C567&amp;ssl=1\" class=\"attachment-full size-full wp-image-1389\" alt=\"\" srcset=\"https:\/\/i0.wp.com\/infra-guardian.com\/wp-content\/uploads\/2023\/03\/Mehanizama-zastite-rasvjetnih-stupova.png?w=775&amp;ssl=1 775w, https:\/\/i0.wp.com\/infra-guardian.com\/wp-content\/uploads\/2023\/03\/Mehanizama-zastite-rasvjetnih-stupova.png?resize=300%2C219&amp;ssl=1 300w, https:\/\/i0.wp.com\/infra-guardian.com\/wp-content\/uploads\/2023\/03\/Mehanizama-zastite-rasvjetnih-stupova.png?resize=768%2C562&amp;ssl=1 768w\" sizes=\"(max-width: 775px) 100vw, 775px\" \/><\/a><\/figure><div class=\"elementor-image-box-content\"><h3 class=\"elementor-image-box-title\"><a href=\"http:\/\/zastita-stupova-javne-rasvjete\"><br><b>Why?<\/b><\/a><\/h3><p class=\"elementor-image-box-description\">The mechanism for locking and protecting the covers on public lighting poles\/lampposts consists of a stainless steel screw with an eccentric spring that is placed on the screw before screwing, and serves to increase the tightening force of the screw and absorb external unwanted influences on the cover when attempting to open the cover without authorization, as well as a stainless steel butterfly with a threaded part into which a screw is screwed, which is used to fix the cover in the lamppost. The advantages of this product are contained in the fact that it is made of heat-treated stainless steel, which is a material extremely resistant to external influences, thus avoiding corrosion of the protective mechanism and the object behind the protection. The use of this material also prevents the screw from cracking during unscrewing. The specially designed screw head makes it impossible to unscrew the screw without a special key.<\/p><\/div><\/div>\t\t\t\t<\/div>\n\t\t\t\t<\/div>\n\t\t\t\t\t<\/div>\n\t\t<\/div>\n\t\t\t\t\t<\/div>\n\t\t<\/section>\n\t\t\t\t<\/div>","protected":false},"excerpt":{"rendered":"<p>MEHANIZAM ZA ZA\u0160TITU STUPOVA JAVNE RASVJETE Za\u0161to? Mehanizam za zaklju\u010davanje i za\u0161titu poklopaca na stupovima javne rasvjete se sastoji od prokromskog vijka s ekscentar oprugom koja se postavlja na vijak prije zavrtanja, a slu\u017ei kako bi pove\u0107ala silu zatezanja vijka i apsorbirala vanjske ne\u017eeljene utjecaje na poklopac prilikom poku\u0161aja neovla\u0161tenog otvaranja poklopca, kao i prokromskog [&hellip;]<\/p>\n","protected":false},"author":1,"featured_media":0,"parent":0,"menu_order":0,"comment_status":"closed","ping_status":"closed","template":"elementor_theme","meta":{"nf_dc_page":"","om_disable_all_campaigns":false,"site-sidebar-layout":"no-sidebar","site-content-layout":"page-builder","ast-site-content-layout":"default","site-content-style":"default","site-sidebar-style":"default","ast-global-header-display":"","ast-banner-title-visibility":"","ast-main-header-display":"","ast-hfb-above-header-display":"","ast-hfb-below-header-display":"","ast-hfb-mobile-header-display":"","site-post-title":"disabled","ast-breadcrumbs-content":"","ast-featured-img":"disabled","footer-sml-layout":"","ast-disable-related-posts":"","theme-transparent-header-meta":"","adv-header-id-meta":"","stick-header-meta":"","header-above-stick-meta":"","header-main-stick-meta":"","header-below-stick-meta":"","astra-migrate-meta-layouts":"default","ast-page-background-enabled":"default","ast-page-background-meta":{"desktop":{"background-color":"","background-image":"","background-repeat":"repeat","background-position":"center center","background-size":"auto","background-attachment":"scroll","background-type":"","background-media":"","overlay-type":"","overlay-color":"","overlay-opacity":"","overlay-gradient":""},"tablet":{"background-color":"","background-image":"","background-repeat":"repeat","background-position":"center center","background-size":"auto","background-attachment":"scroll","background-type":"","background-media":"","overlay-type":"","overlay-color":"","overlay-opacity":"","overlay-gradient":""},"mobile":{"background-color":"","background-image":"","background-repeat":"repeat","background-position":"center center","background-size":"auto","background-attachment":"scroll","background-type":"","background-media":"","overlay-type":"","overlay-color":"","overlay-opacity":"","overlay-gradient":""}},"ast-content-background-meta":{"desktop":{"background-color":"var(--ast-global-color-5)","background-image":"","background-repeat":"repeat","background-position":"center center","background-size":"auto","background-attachment":"scroll","background-type":"","background-media":"","overlay-type":"","overlay-color":"","overlay-opacity":"","overlay-gradient":""},"tablet":{"background-color":"var(--ast-global-color-5)","background-image":"","background-repeat":"repeat","background-position":"center center","background-size":"auto","background-attachment":"scroll","background-type":"","background-media":"","overlay-type":"","overlay-color":"","overlay-opacity":"","overlay-gradient":""},"mobile":{"background-color":"var(--ast-global-color-5)","background-image":"","background-repeat":"repeat","background-position":"center center","background-size":"auto","background-attachment":"scroll","background-type":"","background-media":"","overlay-type":"","overlay-color":"","overlay-opacity":"","overlay-gradient":""}},"footnotes":""},"class_list":["post-1035","page","type-page","status-publish","hentry"],"yoast_head":"<!-- This site is optimized with the Yoast SEO plugin v27.4 - https:\/\/yoast.com\/product\/yoast-seo-wordpress\/ -->\n<title>Za\u0161tita stupova javne rasvjete - Security Services<\/title>\n<meta name=\"robots\" content=\"index, follow, max-snippet:-1, max-image-preview:large, max-video-preview:-1\" \/>\n<link rel=\"canonical\" href=\"https:\/\/infra-guardian.com\/en\/zastita-stupova-javne-rasvjete\/\" \/>\n<meta property=\"og:locale\" content=\"en_GB\" \/>\n<meta property=\"og:type\" content=\"article\" \/>\n<meta property=\"og:title\" content=\"Za\u0161tita stupova javne rasvjete - Security Services\" \/>\n<meta property=\"og:description\" content=\"MEHANIZAM ZA ZA\u0160TITU STUPOVA JAVNE RASVJETE Za\u0161to? Mehanizam za zaklju\u010davanje i za\u0161titu poklopaca na stupovima javne rasvjete se sastoji od prokromskog vijka s ekscentar oprugom koja se postavlja na vijak prije zavrtanja, a slu\u017ei kako bi pove\u0107ala silu zatezanja vijka i apsorbirala vanjske ne\u017eeljene utjecaje na poklopac prilikom poku\u0161aja neovla\u0161tenog otvaranja poklopca, kao i prokromskog [&hellip;]\" \/>\n<meta property=\"og:url\" content=\"https:\/\/infra-guardian.com\/en\/zastita-stupova-javne-rasvjete\/\" \/>\n<meta property=\"og:site_name\" content=\"Security Services\" \/>\n<meta property=\"article:modified_time\" content=\"2023-03-19T20:30:20+00:00\" \/>\n<meta property=\"og:image\" content=\"https:\/\/infra-guardian.com\/wp-content\/uploads\/2023\/03\/Mehanizama-zastite-rasvjetnih-stupova.png\" \/>\n<meta name=\"twitter:card\" content=\"summary_large_image\" \/>\n<meta name=\"twitter:label1\" content=\"Estimated reading time\" \/>\n\t<meta name=\"twitter:data1\" content=\"1 minute\" \/>\n<script type=\"application\/ld+json\" class=\"yoast-schema-graph\">{\"@context\":\"https:\\\/\\\/schema.org\",\"@graph\":[{\"@type\":\"WebPage\",\"@id\":\"https:\\\/\\\/infra-guardian.com\\\/zastita-stupova-javne-rasvjete\\\/\",\"url\":\"https:\\\/\\\/infra-guardian.com\\\/zastita-stupova-javne-rasvjete\\\/\",\"name\":\"Za\u0161tita stupova javne rasvjete - Security Services\",\"isPartOf\":{\"@id\":\"https:\\\/\\\/infra-guardian.com\\\/#website\"},\"primaryImageOfPage\":{\"@id\":\"https:\\\/\\\/infra-guardian.com\\\/zastita-stupova-javne-rasvjete\\\/#primaryimage\"},\"image\":{\"@id\":\"https:\\\/\\\/infra-guardian.com\\\/zastita-stupova-javne-rasvjete\\\/#primaryimage\"},\"thumbnailUrl\":\"https:\\\/\\\/infra-guardian.com\\\/wp-content\\\/uploads\\\/2023\\\/03\\\/Mehanizama-zastite-rasvjetnih-stupova.png\",\"datePublished\":\"2023-03-09T22:23:01+00:00\",\"dateModified\":\"2023-03-19T20:30:20+00:00\",\"breadcrumb\":{\"@id\":\"https:\\\/\\\/infra-guardian.com\\\/zastita-stupova-javne-rasvjete\\\/#breadcrumb\"},\"inLanguage\":\"en-GB\",\"potentialAction\":[{\"@type\":\"ReadAction\",\"target\":[\"https:\\\/\\\/infra-guardian.com\\\/zastita-stupova-javne-rasvjete\\\/\"]}]},{\"@type\":\"ImageObject\",\"inLanguage\":\"en-GB\",\"@id\":\"https:\\\/\\\/infra-guardian.com\\\/zastita-stupova-javne-rasvjete\\\/#primaryimage\",\"url\":\"https:\\\/\\\/infra-guardian.com\\\/wp-content\\\/uploads\\\/2023\\\/03\\\/Mehanizama-zastite-rasvjetnih-stupova.png\",\"contentUrl\":\"https:\\\/\\\/infra-guardian.com\\\/wp-content\\\/uploads\\\/2023\\\/03\\\/Mehanizama-zastite-rasvjetnih-stupova.png\"},{\"@type\":\"BreadcrumbList\",\"@id\":\"https:\\\/\\\/infra-guardian.com\\\/zastita-stupova-javne-rasvjete\\\/#breadcrumb\",\"itemListElement\":[{\"@type\":\"ListItem\",\"position\":1,\"name\":\"Home\",\"item\":\"https:\\\/\\\/infra-guardian.com\\\/\"},{\"@type\":\"ListItem\",\"position\":2,\"name\":\"Za\u0161tita stupova javne rasvjete\"}]},{\"@type\":\"WebSite\",\"@id\":\"https:\\\/\\\/infra-guardian.com\\\/#website\",\"url\":\"https:\\\/\\\/infra-guardian.com\\\/\",\"name\":\"Security Services\",\"description\":\"Your Trusted Security Services\",\"publisher\":{\"@id\":\"https:\\\/\\\/infra-guardian.com\\\/#organization\"},\"potentialAction\":[{\"@type\":\"SearchAction\",\"target\":{\"@type\":\"EntryPoint\",\"urlTemplate\":\"https:\\\/\\\/infra-guardian.com\\\/?s={search_term_string}\"},\"query-input\":{\"@type\":\"PropertyValueSpecification\",\"valueRequired\":true,\"valueName\":\"search_term_string\"}}],\"inLanguage\":\"en-GB\"},{\"@type\":\"Organization\",\"@id\":\"https:\\\/\\\/infra-guardian.com\\\/#organization\",\"name\":\"Security Services\",\"url\":\"https:\\\/\\\/infra-guardian.com\\\/\",\"logo\":{\"@type\":\"ImageObject\",\"inLanguage\":\"en-GB\",\"@id\":\"https:\\\/\\\/infra-guardian.com\\\/#\\\/schema\\\/logo\\\/image\\\/\",\"url\":\"https:\\\/\\\/i0.wp.com\\\/infra-guardian.com\\\/wp-content\\\/uploads\\\/2023\\\/03\\\/InfraGuardian_logo_Tamna-pozadina-web-i-ekrani_1.png?fit=1920%2C1081&ssl=1\",\"contentUrl\":\"https:\\\/\\\/i0.wp.com\\\/infra-guardian.com\\\/wp-content\\\/uploads\\\/2023\\\/03\\\/InfraGuardian_logo_Tamna-pozadina-web-i-ekrani_1.png?fit=1920%2C1081&ssl=1\",\"width\":1920,\"height\":1081,\"caption\":\"Security Services\"},\"image\":{\"@id\":\"https:\\\/\\\/infra-guardian.com\\\/#\\\/schema\\\/logo\\\/image\\\/\"}}]}<\/script>\n<!-- \/ Yoast SEO plugin. -->","yoast_head_json":{"title":"Za\u0161tita stupova javne rasvjete - Security Services","robots":{"index":"index","follow":"follow","max-snippet":"max-snippet:-1","max-image-preview":"max-image-preview:large","max-video-preview":"max-video-preview:-1"},"canonical":"https:\/\/infra-guardian.com\/en\/zastita-stupova-javne-rasvjete\/","og_locale":"en_GB","og_type":"article","og_title":"Za\u0161tita stupova javne rasvjete - Security Services","og_description":"MEHANIZAM ZA ZA\u0160TITU STUPOVA JAVNE RASVJETE Za\u0161to? Mehanizam za zaklju\u010davanje i za\u0161titu poklopaca na stupovima javne rasvjete se sastoji od prokromskog vijka s ekscentar oprugom koja se postavlja na vijak prije zavrtanja, a slu\u017ei kako bi pove\u0107ala silu zatezanja vijka i apsorbirala vanjske ne\u017eeljene utjecaje na poklopac prilikom poku\u0161aja neovla\u0161tenog otvaranja poklopca, kao i prokromskog [&hellip;]","og_url":"https:\/\/infra-guardian.com\/en\/zastita-stupova-javne-rasvjete\/","og_site_name":"Security Services","article_modified_time":"2023-03-19T20:30:20+00:00","og_image":[{"url":"https:\/\/infra-guardian.com\/wp-content\/uploads\/2023\/03\/Mehanizama-zastite-rasvjetnih-stupova.png","type":"","width":"","height":""}],"twitter_card":"summary_large_image","twitter_misc":{"Estimated reading time":"1 minute"},"schema":{"@context":"https:\/\/schema.org","@graph":[{"@type":"WebPage","@id":"https:\/\/infra-guardian.com\/zastita-stupova-javne-rasvjete\/","url":"https:\/\/infra-guardian.com\/zastita-stupova-javne-rasvjete\/","name":"Za\u0161tita stupova javne rasvjete - Security Services","isPartOf":{"@id":"https:\/\/infra-guardian.com\/#website"},"primaryImageOfPage":{"@id":"https:\/\/infra-guardian.com\/zastita-stupova-javne-rasvjete\/#primaryimage"},"image":{"@id":"https:\/\/infra-guardian.com\/zastita-stupova-javne-rasvjete\/#primaryimage"},"thumbnailUrl":"https:\/\/infra-guardian.com\/wp-content\/uploads\/2023\/03\/Mehanizama-zastite-rasvjetnih-stupova.png","datePublished":"2023-03-09T22:23:01+00:00","dateModified":"2023-03-19T20:30:20+00:00","breadcrumb":{"@id":"https:\/\/infra-guardian.com\/zastita-stupova-javne-rasvjete\/#breadcrumb"},"inLanguage":"en-GB","potentialAction":[{"@type":"ReadAction","target":["https:\/\/infra-guardian.com\/zastita-stupova-javne-rasvjete\/"]}]},{"@type":"ImageObject","inLanguage":"en-GB","@id":"https:\/\/infra-guardian.com\/zastita-stupova-javne-rasvjete\/#primaryimage","url":"https:\/\/infra-guardian.com\/wp-content\/uploads\/2023\/03\/Mehanizama-zastite-rasvjetnih-stupova.png","contentUrl":"https:\/\/infra-guardian.com\/wp-content\/uploads\/2023\/03\/Mehanizama-zastite-rasvjetnih-stupova.png"},{"@type":"BreadcrumbList","@id":"https:\/\/infra-guardian.com\/zastita-stupova-javne-rasvjete\/#breadcrumb","itemListElement":[{"@type":"ListItem","position":1,"name":"Home","item":"https:\/\/infra-guardian.com\/"},{"@type":"ListItem","position":2,"name":"Za\u0161tita stupova javne rasvjete"}]},{"@type":"WebSite","@id":"https:\/\/infra-guardian.com\/#website","url":"https:\/\/infra-guardian.com\/","name":"Security Services","description":"Your Trusted Security Services","publisher":{"@id":"https:\/\/infra-guardian.com\/#organization"},"potentialAction":[{"@type":"SearchAction","target":{"@type":"EntryPoint","urlTemplate":"https:\/\/infra-guardian.com\/?s={search_term_string}"},"query-input":{"@type":"PropertyValueSpecification","valueRequired":true,"valueName":"search_term_string"}}],"inLanguage":"en-GB"},{"@type":"Organization","@id":"https:\/\/infra-guardian.com\/#organization","name":"Security Services","url":"https:\/\/infra-guardian.com\/","logo":{"@type":"ImageObject","inLanguage":"en-GB","@id":"https:\/\/infra-guardian.com\/#\/schema\/logo\/image\/","url":"https:\/\/i0.wp.com\/infra-guardian.com\/wp-content\/uploads\/2023\/03\/InfraGuardian_logo_Tamna-pozadina-web-i-ekrani_1.png?fit=1920%2C1081&ssl=1","contentUrl":"https:\/\/i0.wp.com\/infra-guardian.com\/wp-content\/uploads\/2023\/03\/InfraGuardian_logo_Tamna-pozadina-web-i-ekrani_1.png?fit=1920%2C1081&ssl=1","width":1920,"height":1081,"caption":"Security Services"},"image":{"@id":"https:\/\/infra-guardian.com\/#\/schema\/logo\/image\/"}}]}},"jetpack_sharing_enabled":true,"_links":{"self":[{"href":"https:\/\/infra-guardian.com\/en\/wp-json\/wp\/v2\/pages\/1035","targetHints":{"allow":["GET"]}}],"collection":[{"href":"https:\/\/infra-guardian.com\/en\/wp-json\/wp\/v2\/pages"}],"about":[{"href":"https:\/\/infra-guardian.com\/en\/wp-json\/wp\/v2\/types\/page"}],"author":[{"embeddable":true,"href":"https:\/\/infra-guardian.com\/en\/wp-json\/wp\/v2\/users\/1"}],"replies":[{"embeddable":true,"href":"https:\/\/infra-guardian.com\/en\/wp-json\/wp\/v2\/comments?post=1035"}],"version-history":[{"count":5,"href":"https:\/\/infra-guardian.com\/en\/wp-json\/wp\/v2\/pages\/1035\/revisions"}],"predecessor-version":[{"id":1392,"href":"https:\/\/infra-guardian.com\/en\/wp-json\/wp\/v2\/pages\/1035\/revisions\/1392"}],"wp:attachment":[{"href":"https:\/\/infra-guardian.com\/en\/wp-json\/wp\/v2\/media?parent=1035"}],"curies":[{"name":"wp","href":"https:\/\/api.w.org\/{rel}","templated":true}]}}